{"id":3,"date":"2024-06-03T17:50:12","date_gmt":"2024-06-03T17:50:12","guid":{"rendered":"https:\/\/wiloo.es\/?page_id=3"},"modified":"2025-06-20T16:22:23","modified_gmt":"2025-06-20T14:22:23","slug":"aviso-legal","status":"publish","type":"page","link":"https:\/\/wiloo.es\/cat\/aviso-legal\/","title":{"rendered":"Pol\u00edtica de privacidad"},"content":{"rendered":"<div id=\"fws_69dec228ba9e2\"  data-column-margin=\"default\" data-midnight=\"dark\"  class=\"wpb_row vc_row-fluid vc_row\"  style=\"padding-top: 0px; padding-bottom: 0px; \"><div class=\"row-bg-wrap\" data-bg-animation=\"none\" data-bg-animation-delay=\"\" data-bg-overlay=\"false\"><div class=\"inner-wrap row-bg-layer\" ><div class=\"row-bg viewport-desktop\"  style=\"\"><\/div><\/div><\/div><div class=\"row_col_wrap_12 col span_12 dark left\">\n\t<div  class=\"vc_col-sm-12 wpb_column column_container vc_column_container col no-extra-padding inherit_tablet inherit_phone\"  data-padding-pos=\"all\" data-has-bg-color=\"false\" data-bg-color=\"\" data-bg-opacity=\"1\" data-animation=\"\" data-delay=\"0\" >\n\t\t<div class=\"vc_column-inner\" >\n\t\t\t<div class=\"wpb_wrapper\">\n\t\t\t\t\n<div class=\"wpb_text_column wpb_content_element\" >\n\t<h1 class=\"wp-block-heading\" data-start=\"233\" data-end=\"272\">Aviso Legal y Pol\u00edtica de Privacidad<\/h1>\n<p data-start=\"274\" data-end=\"552\">En cumplimiento de la Ley 34\/2002, de 11 de julio, de Servicios de la Sociedad de la Informaci\u00f3n y de Comercio Electr\u00f3nico (LSSI-CE), y del Reglamento (UE) 2016\/679 del Parlamento Europeo y del Consejo (RGPD), se informa a los usuarios de este sitio web de los siguientes datos:<\/p>\n<p data-start=\"554\" data-end=\"817\"><strong data-start=\"554\" data-end=\"580\">Titular del sitio web:<\/strong><br data-start=\"580\" data-end=\"583\" \/>WILOO GESTI\u00d3N S.L.<br data-start=\"601\" data-end=\"604\" \/>CIF: B44578359<br data-start=\"618\" data-end=\"621\" \/>Domicilio: Av. Prat de la Riba 94, Bajos, 25005 Lleida (Lleida), Espa\u00f1a<br data-start=\"692\" data-end=\"695\" \/>Dominio: <a class=\"\" href=\"https:\/\/wiloo.es\/cat\/\" target=\"_new\" rel=\"noopener\" data-start=\"704\" data-end=\"740\">https:\/\/wiloo.es<\/a><br data-start=\"740\" data-end=\"743\" \/>Medio de contacto: \u00fanicamente por correo postal a la direcci\u00f3n indicada.<\/p>\n<h3 data-start=\"819\" data-end=\"841\">Condiciones de uso<\/h3>\n<p data-start=\"843\" data-end=\"1028\">El acceso al sitio web <a class=\"\" href=\"https:\/\/wiloo.es\/cat\/\" target=\"_new\" rel=\"noopener\" data-start=\"866\" data-end=\"902\">https:\/\/wiloo.es<\/a> atribuye la condici\u00f3n de usuario e implica la aceptaci\u00f3n plena y sin reservas de todas las disposiciones de este Aviso Legal.<\/p>\n<p data-start=\"1030\" data-end=\"1192\">WILOO GESTI\u00d3N S.L. se reserva el derecho a modificar en cualquier momento el contenido, dise\u00f1o o estructura del sitio, as\u00ed como las presentes condiciones legales.<\/p>\n<h3 data-start=\"1194\" data-end=\"1232\">Propiedad intelectual e industrial<\/h3>\n<p data-start=\"1234\" data-end=\"1497\">Todos los contenidos del sitio web, incluyendo textos, im\u00e1genes, dise\u00f1o, software, marcas o logotipos, son titularidad de WILOO GESTI\u00d3N S.L. o de terceros autorizados, y est\u00e1n protegidos por la legislaci\u00f3n vigente en materia de propiedad intelectual e industrial.<\/p>\n<p data-start=\"1499\" data-end=\"1655\">Se proh\u00edbe la reproducci\u00f3n, distribuci\u00f3n, comunicaci\u00f3n p\u00fablica o transformaci\u00f3n, total o parcial, de dichos contenidos sin autorizaci\u00f3n expresa del titular.<\/p>\n<h3 data-start=\"1657\" data-end=\"1691\">Protecci\u00f3n de datos personales<\/h3>\n<p data-start=\"1693\" data-end=\"1990\">WILOO GESTI\u00d3N S.L. no recaba directamente datos personales a trav\u00e9s de este sitio web. En caso de que el usuario se ponga en contacto por correo postal, los datos facilitados se tratar\u00e1n con la \u00fanica finalidad de gestionar la comunicaci\u00f3n recibida y conforme a las obligaciones legales aplicables.<\/p>\n<p data-start=\"1992\" data-end=\"2554\"><strong data-start=\"1992\" data-end=\"2024\">Responsable del tratamiento:<\/strong> WILOO GESTI\u00d3N S.L.<br data-start=\"2043\" data-end=\"2046\" \/><strong data-start=\"2046\" data-end=\"2076\">Finalidad del tratamiento:<\/strong> gesti\u00f3n de la comunicaci\u00f3n recibida.<br data-start=\"2113\" data-end=\"2116\" \/><strong data-start=\"2116\" data-end=\"2133\">Legitimaci\u00f3n:<\/strong> cumplimiento de obligaciones legales e inter\u00e9s leg\u00edtimo.<br data-start=\"2190\" data-end=\"2193\" \/><strong data-start=\"2193\" data-end=\"2210\">Conservaci\u00f3n:<\/strong> los datos se conservar\u00e1n el tiempo estrictamente necesario para atender la solicitud o cumplir con exigencias legales.<br data-start=\"2329\" data-end=\"2332\" \/><strong data-start=\"2332\" data-end=\"2345\">Derechos:<\/strong> el interesado podr\u00e1 ejercer sus derechos de acceso, rectificaci\u00f3n, supresi\u00f3n, oposici\u00f3n, limitaci\u00f3n del tratamiento y portabilidad mediante solicitud escrita enviada por correo postal a la direcci\u00f3n indicada.<\/p>\n<p data-start=\"2556\" data-end=\"2635\">WILOO GESTI\u00d3N S.L. no cede datos personales a terceros, salvo obligaci\u00f3n legal.<\/p>\n<h3 data-start=\"2637\" data-end=\"2648\">Cookies<\/h3>\n<p data-start=\"2650\" data-end=\"2838\">Este sitio web puede utilizar cookies t\u00e9cnicas estrictamente necesarias para su funcionamiento. No se instalan cookies anal\u00edticas ni publicitarias sin el consentimiento previo del usuario.<\/p>\n<p data-start=\"2840\" data-end=\"2955\">El usuario puede configurar su navegador para aceptar o rechazar cookies, as\u00ed como para eliminar las ya instaladas.<\/p>\n<h3 data-start=\"2957\" data-end=\"2997\">Legislaci\u00f3n y jurisdicci\u00f3n aplicable<\/h3>\n<p data-start=\"2999\" data-end=\"3233\">Las relaciones entre el titular del sitio web y los usuarios se regir\u00e1n por la normativa vigente en Espa\u00f1a. En caso de conflicto, las partes se someter\u00e1n a los Juzgados y Tribunales de Lleida, salvo que la ley establezca lo contrario.<\/p>\n<\/div>\n\n\n\n\n\t\t\t<\/div> \n\t\t<\/div>\n\t<\/div> \n<\/div><\/div>","protected":false},"excerpt":{"rendered":"Aviso Legal y Pol\u00edtica de Privacidad En cumplimiento de la Ley 34\/2002, de 11 de julio, de Servicios de la Sociedad de la Informaci\u00f3n y de Comercio Electr\u00f3nico (LSSI-CE), y...","protected":false},"author":1,"featured_media":0,"parent":0,"menu_order":0,"comment_status":"closed","ping_status":"closed","template":"","meta":{"_joinchat":{"view":"no"},"footnotes":""},"class_list":["post-3","page","type-page","status-publish"],"_links":{"self":[{"href":"https:\/\/wiloo.es\/cat\/wp-json\/wp\/v2\/pages\/3","targetHints":{"allow":["GET"]}}],"collection":[{"href":"https:\/\/wiloo.es\/cat\/wp-json\/wp\/v2\/pages"}],"about":[{"href":"https:\/\/wiloo.es\/cat\/wp-json\/wp\/v2\/types\/page"}],"author":[{"embeddable":true,"href":"https:\/\/wiloo.es\/cat\/wp-json\/wp\/v2\/users\/1"}],"replies":[{"embeddable":true,"href":"https:\/\/wiloo.es\/cat\/wp-json\/wp\/v2\/comments?post=3"}],"version-history":[{"count":3,"href":"https:\/\/wiloo.es\/cat\/wp-json\/wp\/v2\/pages\/3\/revisions"}],"predecessor-version":[{"id":1515,"href":"https:\/\/wiloo.es\/cat\/wp-json\/wp\/v2\/pages\/3\/revisions\/1515"}],"wp:attachment":[{"href":"https:\/\/wiloo.es\/cat\/wp-json\/wp\/v2\/media?parent=3"}],"curies":[{"name":"wp","href":"https:\/\/api.w.org\/{rel}","templated":true}]}}